{"id":2680,"date":"2023-11-30T12:51:21","date_gmt":"2023-11-30T11:51:21","guid":{"rendered":"https:\/\/tourismer.online\/?page_id=2680"},"modified":"2024-07-18T12:35:51","modified_gmt":"2024-07-18T10:35:51","slug":"voyage-emirats-arabes-unis-quand-venir","status":"publish","type":"page","link":"https:\/\/tourismer.online\/en\/voyage-emirats-arabes-unis-quand-venir\/","title":{"rendered":"Voyage Emirats Arabes Unis, quand venir?"},"content":{"rendered":"<div data-elementor-type=\"wp-page\" data-elementor-id=\"2680\" class=\"elementor elementor-2680\">\n\t\t\t\t\t\t<section class=\"elementor-section elementor-top-section elementor-element elementor-element-26d109c3 elementor-section-height-min-height elementor-section-items-bottom elementor-section-boxed elementor-section-height-default wpr-particle-no wpr-jarallax-no wpr-parallax-no wpr-sticky-section-no\" data-id=\"26d109c3\" data-element_type=\"section\" data-settings=\"{&quot;background_background&quot;:&quot;classic&quot;}\">\n\t\t\t\t\t\t\t<div class=\"elementor-background-overlay\"><\/div>\n\t\t\t\t\t\t\t<div class=\"elementor-container elementor-column-gap-default\">\n\t\t\t\t\t<div class=\"elementor-column elementor-col-100 elementor-top-column elementor-element elementor-element-4d5ea507\" data-id=\"4d5ea507\" data-element_type=\"column\" data-settings=\"{&quot;background_background&quot;:&quot;classic&quot;}\">\n\t\t\t<div class=\"elementor-widget-wrap elementor-element-populated\">\n\t\t\t\t\t\t<div class=\"elementor-element elementor-element-39ad1f69 elementor-widget elementor-widget-heading\" data-id=\"39ad1f69\" data-element_type=\"widget\" data-widget_type=\"heading.default\">\n\t\t\t\t<div class=\"elementor-widget-container\">\n\t\t\t\t\t<h1 class=\"elementor-heading-title elementor-size-default\">Voyage  Emirats Arabes Unis, quand venir  ?<\/h1>\t\t\t\t<\/div>\n\t\t\t\t<\/div>\n\t\t\t\t<div class=\"elementor-element elementor-element-799ce32d elementor-widget elementor-widget-heading\" data-id=\"799ce32d\" data-element_type=\"widget\" data-widget_type=\"heading.default\">\n\t\t\t\t<div class=\"elementor-widget-container\">\n\t\t\t\t\t<h3 class=\"elementor-heading-title elementor-size-default\">D\u00e9couvrez les Emirats Arabes Unis tout au long de l'ann\u00e9e en fonction des r\u00e9gions que vous souhaitez visiter<\/h3>\t\t\t\t<\/div>\n\t\t\t\t<\/div>\n\t\t\t\t\t<\/div>\n\t\t<\/div>\n\t\t\t\t\t<\/div>\n\t\t<\/section>\n\t\t<div class=\"elementor-element elementor-element-43847dbe e-flex e-con-boxed wpr-particle-no wpr-jarallax-no wpr-parallax-no wpr-sticky-section-no e-con e-parent\" data-id=\"43847dbe\" data-element_type=\"container\" data-settings=\"{&quot;background_background&quot;:&quot;classic&quot;}\">\n\t\t\t\t\t<div class=\"e-con-inner\">\n\t\t\t\t<div class=\"elementor-element elementor-element-7b186342 elementor-widget elementor-widget-spacer\" data-id=\"7b186342\" data-element_type=\"widget\" data-widget_type=\"spacer.default\">\n\t\t\t\t<div class=\"elementor-widget-container\">\n\t\t\t\t\t\t\t<div class=\"elementor-spacer\">\n\t\t\t<div class=\"elementor-spacer-inner\"><\/div>\n\t\t<\/div>\n\t\t\t\t\t\t<\/div>\n\t\t\t\t<\/div>\n\t\t\t\t\t<\/div>\n\t\t\t\t<\/div>\n\t\t\t\t<section class=\"elementor-section elementor-top-section elementor-element elementor-element-3ce6c89b elementor-section-content-middle elementor-section-boxed elementor-section-height-default elementor-section-height-default wpr-particle-no wpr-jarallax-no wpr-parallax-no wpr-sticky-section-no\" data-id=\"3ce6c89b\" data-element_type=\"section\" data-settings=\"{&quot;background_background&quot;:&quot;classic&quot;}\">\n\t\t\t\t\t\t<div class=\"elementor-container elementor-column-gap-no\">\n\t\t\t\t\t<div class=\"elementor-column elementor-col-50 elementor-top-column elementor-element elementor-element-483bc81d\" data-id=\"483bc81d\" data-element_type=\"column\">\n\t\t\t<div class=\"elementor-widget-wrap elementor-element-populated\">\n\t\t\t\t\t\t<div class=\"elementor-element elementor-element-602867ad elementor-widget elementor-widget-heading\" data-id=\"602867ad\" data-element_type=\"widget\" data-widget_type=\"heading.default\">\n\t\t\t\t<div class=\"elementor-widget-container\">\n\t\t\t\t\t<h2 class=\"elementor-heading-title elementor-size-default\">Voyage  Emirats Arabes Unis, quand venir ?<\/h2>\t\t\t\t<\/div>\n\t\t\t\t<\/div>\n\t\t\t\t<div class=\"elementor-element elementor-element-782ed5a9 elementor-widget elementor-widget-text-editor\" data-id=\"782ed5a9\" data-element_type=\"widget\" data-widget_type=\"text-editor.default\">\n\t\t\t\t<div class=\"elementor-widget-container\">\n\t\t\t\t\t\t\t\t\t<div><p>Les saisons aux Emirats Arabes Unis: quand partir?<\/p><\/div><div><p><span class=\"OYPEnA text-decoration-none text-strikethrough-none\">Le climat des \u00c9mirats Arabes Unis est de type aride.<\/span><\/p><\/div>\t\t\t\t\t\t\t\t<\/div>\n\t\t\t\t<\/div>\n\t\t\t\t<div class=\"elementor-element elementor-element-91c1bb3 elementor-invisible elementor-widget elementor-widget-image\" data-id=\"91c1bb3\" data-element_type=\"widget\" data-settings=\"{&quot;_animation&quot;:&quot;fadeInUp&quot;}\" data-widget_type=\"image.default\">\n\t\t\t\t<div class=\"elementor-widget-container\">\n\t\t\t\t\t\t\t\t\t\t\t\t\t\t\t<img decoding=\"async\" src=\"https:\/\/tourismer.online\/wp-content\/uploads\/elementor\/thumbs\/Emirats-Arabes-Unis-3-qg4dlyhhlmfaq9vk6bugpzgnr8q36bngd9aaewxx0w.png\" title=\"Emirats Arabes Unis\" alt=\"Emirats Arabes Unis\" loading=\"lazy\" \/>\t\t\t\t\t\t\t\t\t\t\t\t\t\t\t<\/div>\n\t\t\t\t<\/div>\n\t\t\t\t\t<\/div>\n\t\t<\/div>\n\t\t\t\t<div class=\"elementor-column elementor-col-50 elementor-top-column elementor-element elementor-element-2d43ec0c\" data-id=\"2d43ec0c\" data-element_type=\"column\" data-settings=\"{&quot;background_background&quot;:&quot;classic&quot;}\">\n\t\t\t<div class=\"elementor-widget-wrap elementor-element-populated\">\n\t\t\t\t\t\t<div class=\"elementor-element elementor-element-45ae9012 elementor-position-left elementor-vertical-align-top elementor-widget elementor-widget-image-box\" data-id=\"45ae9012\" data-element_type=\"widget\" data-widget_type=\"image-box.default\">\n\t\t\t\t<div class=\"elementor-widget-container\">\n\t\t\t\t\t<div class=\"elementor-image-box-wrapper\"><figure class=\"elementor-image-box-img\"><img decoding=\"async\" width=\"150\" height=\"150\" src=\"https:\/\/tourismer.online\/wp-content\/uploads\/2023\/11\/voyage-quand-venir-1.png\" class=\"attachment-full size-full wp-image-424\" alt=\"voyage quand venir\" \/><\/figure><div class=\"elementor-image-box-content\"><span class=\"elementor-image-box-title\">Voyager aux Emirats Arabes Unis EN FONTION DE LA M\u00e9TEO<\/span><p class=\"elementor-image-box-description\">Il est recommand\u00e9 de privil\u00e9gier les mois de janvier, f\u00e9vrier, mars, avril, novembre et d\u00e9cembre, pendant la saison hivernale, lorsque les temp\u00e9ratures sont plus agr\u00e9ables.\n\u00c0 l'inverse, il est pr\u00e9f\u00e9rable d'\u00e9viter les mois de juin, juillet, ao\u00fbt et septembre durant la saison estivale, o\u00f9 les temp\u00e9ratures peuvent parfois \u00eatre \u00e9touffantes.<\/p><\/div><\/div>\t\t\t\t<\/div>\n\t\t\t\t<\/div>\n\t\t\t\t<div class=\"elementor-element elementor-element-12f8c8dc elementor-widget elementor-widget-spacer\" data-id=\"12f8c8dc\" data-element_type=\"widget\" data-widget_type=\"spacer.default\">\n\t\t\t\t<div class=\"elementor-widget-container\">\n\t\t\t\t\t\t\t<div class=\"elementor-spacer\">\n\t\t\t<div class=\"elementor-spacer-inner\"><\/div>\n\t\t<\/div>\n\t\t\t\t\t\t<\/div>\n\t\t\t\t<\/div>\n\t\t\t\t<div class=\"elementor-element elementor-element-67211aee elementor-widget elementor-widget-spacer\" data-id=\"67211aee\" data-element_type=\"widget\" data-widget_type=\"spacer.default\">\n\t\t\t\t<div class=\"elementor-widget-container\">\n\t\t\t\t\t\t\t<div class=\"elementor-spacer\">\n\t\t\t<div class=\"elementor-spacer-inner\"><\/div>\n\t\t<\/div>\n\t\t\t\t\t\t<\/div>\n\t\t\t\t<\/div>\n\t\t\t\t\t<\/div>\n\t\t<\/div>\n\t\t\t\t\t<\/div>\n\t\t<\/section>\n\t\t<div class=\"elementor-element elementor-element-b7439e9 e-flex e-con-boxed wpr-particle-no wpr-jarallax-no wpr-parallax-no wpr-sticky-section-no e-con e-parent\" data-id=\"b7439e9\" data-element_type=\"container\" data-settings=\"{&quot;background_background&quot;:&quot;classic&quot;}\">\n\t\t\t\t\t<div class=\"e-con-inner\">\n\t\t\t\t<div class=\"elementor-element elementor-element-156e51b elementor-widget elementor-widget-spacer\" data-id=\"156e51b\" data-element_type=\"widget\" data-widget_type=\"spacer.default\">\n\t\t\t\t<div class=\"elementor-widget-container\">\n\t\t\t\t\t\t\t<div class=\"elementor-spacer\">\n\t\t\t<div class=\"elementor-spacer-inner\"><\/div>\n\t\t<\/div>\n\t\t\t\t\t\t<\/div>\n\t\t\t\t<\/div>\n\t\t\t\t\t<\/div>\n\t\t\t\t<\/div>\n\t\t\t\t<section class=\"elementor-section elementor-top-section elementor-element elementor-element-38a41927 elementor-section-height-min-height elementor-reverse-tablet elementor-reverse-mobile elementor-section-boxed elementor-section-height-default elementor-section-items-middle wpr-particle-no wpr-jarallax-no wpr-parallax-no wpr-sticky-section-no\" data-id=\"38a41927\" data-element_type=\"section\" data-settings=\"{&quot;background_background&quot;:&quot;classic&quot;}\">\n\t\t\t\t\t\t\t<div class=\"elementor-background-overlay\"><\/div>\n\t\t\t\t\t\t\t<div class=\"elementor-container elementor-column-gap-default\">\n\t\t\t\t\t<div class=\"elementor-column elementor-col-50 elementor-top-column elementor-element elementor-element-1f24b03e\" data-id=\"1f24b03e\" data-element_type=\"column\">\n\t\t\t<div class=\"elementor-widget-wrap\">\n\t\t\t\t\t\t\t<\/div>\n\t\t<\/div>\n\t\t\t\t<div class=\"elementor-column elementor-col-50 elementor-top-column elementor-element elementor-element-f5a3a2a\" data-id=\"f5a3a2a\" data-element_type=\"column\">\n\t\t\t<div class=\"elementor-widget-wrap elementor-element-populated\">\n\t\t\t\t\t\t<div class=\"elementor-element elementor-element-1e5a69db elementor-widget elementor-widget-heading\" data-id=\"1e5a69db\" data-element_type=\"widget\" data-widget_type=\"heading.default\">\n\t\t\t\t<div class=\"elementor-widget-container\">\n\t\t\t\t\t<span class=\"elementor-heading-title elementor-size-default\">Explorez  !<\/span>\t\t\t\t<\/div>\n\t\t\t\t<\/div>\n\t\t\t\t<div class=\"elementor-element elementor-element-6602dd58 elementor-widget elementor-widget-heading\" data-id=\"6602dd58\" data-element_type=\"widget\" data-widget_type=\"heading.default\">\n\t\t\t\t<div class=\"elementor-widget-container\">\n\t\t\t\t\t<h2 class=\"elementor-heading-title elementor-size-default\">Les Emirats Arabes Unis   selon vos envies<\/h2>\t\t\t\t<\/div>\n\t\t\t\t<\/div>\n\t\t\t\t<div class=\"elementor-element elementor-element-13e4badb elementor-widget elementor-widget-text-editor\" data-id=\"13e4badb\" data-element_type=\"widget\" data-widget_type=\"text-editor.default\">\n\t\t\t\t<div class=\"elementor-widget-container\">\n\t\t\t\t\t\t\t\t\t<p>Voyage Responsable aux\u00a0 Emirats Arabes Unis avec nos experts locaux du tourisme responsable.<\/p>\t\t\t\t\t\t\t\t<\/div>\n\t\t\t\t<\/div>\n\t\t\t\t<div class=\"elementor-element elementor-element-13e39cc elementor-align-right elementor-mobile-align-center elementor-widget elementor-widget-button\" data-id=\"13e39cc\" data-element_type=\"widget\" data-widget_type=\"button.default\">\n\t\t\t\t<div class=\"elementor-widget-container\">\n\t\t\t\t\t\t\t\t\t<div class=\"elementor-button-wrapper\">\n\t\t\t\t\t<a class=\"elementor-button elementor-button-link elementor-size-md\" href=\"https:\/\/www.tourismer.org\/en\/fiche-de-contact\/\">\n\t\t\t\t\t\t<span class=\"elementor-button-content-wrapper\">\n\t\t\t\t\t\t<span class=\"elementor-button-icon\">\n\t\t\t\t<svg aria-hidden=\"true\" class=\"e-font-icon-svg e-fas-angle-double-right\" viewbox=\"0 0 448 512\" xmlns=\"http:\/\/www.w3.org\/2000\/svg\"><path d=\"M224.3 273l-136 136c-9.4 9.4-24.6 9.4-33.9 0l-22.6-22.6c-9.4-9.4-9.4-24.6 0-33.9l96.4-96.4-96.4-96.4c-9.4-9.4-9.4-24.6 0-33.9L54.3 103c9.4-9.4 24.6-9.4 33.9 0l136 136c9.5 9.4 9.5 24.6.1 34zm192-34l-136-136c-9.4-9.4-24.6-9.4-33.9 0l-22.6 22.6c-9.4 9.4-9.4 24.6 0 33.9l96.4 96.4-96.4 96.4c-9.4 9.4-9.4 24.6 0 33.9l22.6 22.6c9.4 9.4 24.6 9.4 33.9 0l136-136c9.4-9.2 9.4-24.4 0-33.8z\"><\/path><\/svg>\t\t\t<\/span>\n\t\t\t\t\t\t\t\t\t<span class=\"elementor-button-text\">Construisons ensemble votre prochain voyage<\/span>\n\t\t\t\t\t<\/span>\n\t\t\t\t\t<\/a>\n\t\t\t\t<\/div>\n\t\t\t\t\t\t\t\t<\/div>\n\t\t\t\t<\/div>\n\t\t\t\t\t<\/div>\n\t\t<\/div>\n\t\t\t\t\t<\/div>\n\t\t<\/section>\n\t\t<div class=\"elementor-element elementor-element-7f7bfd3a e-flex e-con-boxed wpr-particle-no wpr-jarallax-no wpr-parallax-no wpr-sticky-section-no e-con e-parent\" data-id=\"7f7bfd3a\" data-element_type=\"container\" data-settings=\"{&quot;background_background&quot;:&quot;classic&quot;}\">\n\t\t\t\t\t<div class=\"e-con-inner\">\n\t\t\t\t<div class=\"elementor-element elementor-element-35b6f3aa elementor-widget elementor-widget-spacer\" data-id=\"35b6f3aa\" data-element_type=\"widget\" data-widget_type=\"spacer.default\">\n\t\t\t\t<div class=\"elementor-widget-container\">\n\t\t\t\t\t\t\t<div class=\"elementor-spacer\">\n\t\t\t<div class=\"elementor-spacer-inner\"><\/div>\n\t\t<\/div>\n\t\t\t\t\t\t<\/div>\n\t\t\t\t<\/div>\n\t\t\t\t\t<\/div>\n\t\t\t\t<\/div>\n\t\t<div class=\"elementor-element elementor-element-4c99c949 e-flex e-con-boxed wpr-particle-no wpr-jarallax-no wpr-parallax-no wpr-sticky-section-no e-con e-parent\" data-id=\"4c99c949\" data-element_type=\"container\" data-settings=\"{&quot;background_background&quot;:&quot;classic&quot;}\">\n\t\t\t\t\t<div class=\"e-con-inner\">\n\t\t\t\t<div class=\"elementor-element elementor-element-13818a1c elementor-align-left elementor-mobile-align-center elementor-widget elementor-widget-button\" data-id=\"13818a1c\" data-element_type=\"widget\" data-widget_type=\"button.default\">\n\t\t\t\t<div class=\"elementor-widget-container\">\n\t\t\t\t\t\t\t\t\t<div class=\"elementor-button-wrapper\">\n\t\t\t\t\t<a class=\"elementor-button elementor-button-link elementor-size-md\" href=\"https:\/\/tourismer.online\/en\/\">\n\t\t\t\t\t\t<span class=\"elementor-button-content-wrapper\">\n\t\t\t\t\t\t<span class=\"elementor-button-icon\">\n\t\t\t\t<svg aria-hidden=\"true\" class=\"e-font-icon-svg e-fas-home\" viewbox=\"0 0 576 512\" xmlns=\"http:\/\/www.w3.org\/2000\/svg\"><path d=\"M280.37 148.26L96 300.11V464a16 16 0 0 0 16 16l112.06-.29a16 16 0 0 0 15.92-16V368a16 16 0 0 1 16-16h64a16 16 0 0 1 16 16v95.64a16 16 0 0 0 16 16.05L464 480a16 16 0 0 0 16-16V300L295.67 148.26a12.19 12.19 0 0 0-15.3 0zM571.6 251.47L488 182.56V44.05a12 12 0 0 0-12-12h-56a12 12 0 0 0-12 12v72.61L318.47 43a48 48 0 0 0-61 0L4.34 251.47a12 12 0 0 0-1.6 16.9l25.5 31A12 12 0 0 0 45.15 301l235.22-193.74a12.19 12.19 0 0 1 15.3 0L530.9 301a12 12 0 0 0 16.9-1.6l25.5-31a12 12 0 0 0-1.7-16.93z\"><\/path><\/svg>\t\t\t<\/span>\n\t\t\t\t\t\t\t\t<\/span>\n\t\t\t\t\t<\/a>\n\t\t\t\t<\/div>\n\t\t\t\t\t\t\t\t<\/div>\n\t\t\t\t<\/div>\n\t\t\t\t\t<\/div>\n\t\t\t\t<\/div>\n\t\t\t\t<\/div>","protected":false},"excerpt":{"rendered":"<p>Voyage Emirats Arabes Unis, quand venir ? D\u00e9couvrez les Emirats Arabes Unis tout au long de l&rsquo;ann\u00e9e en fonction des r\u00e9gions que vous souhaitez visiter Voyage Emirats Arabes Unis, quand venir ? Les saisons aux Emirats Arabes Unis: quand partir? Le climat des \u00c9mirats Arabes Unis est de type aride. Voyager aux Emirats Arabes Unis EN FONTION DE LA M\u00e9TEO Il est recommand\u00e9 de privil\u00e9gier les mois de janvier, f\u00e9vrier, mars, avril, novembre et d\u00e9cembre, pendant la saison hivernale, lorsque les temp\u00e9ratures sont plus agr\u00e9ables. \u00c0 l&rsquo;inverse, il est pr\u00e9f\u00e9rable d&rsquo;\u00e9viter les mois de juin, juillet, ao\u00fbt et septembre durant la saison estivale, o\u00f9 les temp\u00e9ratures peuvent parfois \u00eatre \u00e9touffantes. Explorez ! Les Emirats Arabes Unis selon vos envies Voyage Responsable aux\u00a0 Emirats Arabes Unis avec nos experts locaux du tourisme responsable. Construisons ensemble votre prochain voyage<\/p>","protected":false},"author":1,"featured_media":0,"parent":0,"menu_order":0,"comment_status":"closed","ping_status":"closed","template":"","meta":{"footnotes":""},"class_list":["post-2680","page","type-page","status-publish","hentry"],"yoast_head":"<!-- This site is optimized with the Yoast SEO plugin v25.8 - https:\/\/yoast.com\/wordpress\/plugins\/seo\/ -->\n<title>Voyage Emirats Arabes Unis, quand venir? - VOYAGE TOURISMER<\/title>\n<meta name=\"description\" content=\"Voyage Emirats Arabes Unis, quand venir pour un s\u00e9jour inoubliable aux Emirats Arabes Unis? D\u00e9couvrez les meilleures saisons\" \/>\n<meta name=\"robots\" content=\"index, follow, max-snippet:-1, max-image-preview:large, max-video-preview:-1\" \/>\n<link rel=\"canonical\" href=\"https:\/\/tourismer.online\/en\/voyage-emirats-arabes-unis-quand-venir\/\" \/>\n<meta property=\"og:locale\" content=\"en_GB\" \/>\n<meta property=\"og:type\" content=\"article\" \/>\n<meta property=\"og:title\" content=\"Voyage Emirats Arabes Unis, quand venir? - VOYAGE TOURISMER\" \/>\n<meta property=\"og:description\" content=\"Voyage Emirats Arabes Unis, quand venir pour un s\u00e9jour inoubliable aux Emirats Arabes Unis? D\u00e9couvrez les meilleures saisons\" \/>\n<meta property=\"og:url\" content=\"https:\/\/tourismer.online\/en\/voyage-emirats-arabes-unis-quand-venir\/\" \/>\n<meta property=\"og:site_name\" content=\"VOYAGE TOURISMER\" \/>\n<meta property=\"article:modified_time\" content=\"2024-07-18T10:35:51+00:00\" \/>\n<meta property=\"og:image\" content=\"https:\/\/tourismer.online\/wp-content\/uploads\/elementor\/thumbs\/Emirats-Arabes-Unis-3-qg4dlyhhlmfaq9vk6bugpzgnr8q36bngd9aaewxx0w.png\" \/>\n<meta name=\"twitter:card\" content=\"summary_large_image\" \/>\n<meta name=\"twitter:label1\" content=\"Estimated reading time\" \/>\n\t<meta name=\"twitter:data1\" content=\"2 minutes\" \/>\n<script type=\"application\/ld+json\" class=\"yoast-schema-graph\">{\"@context\":\"https:\/\/schema.org\",\"@graph\":[{\"@type\":\"WebPage\",\"@id\":\"https:\/\/tourismer.online\/voyage-emirats-arabes-unis-quand-venir\/\",\"url\":\"https:\/\/tourismer.online\/voyage-emirats-arabes-unis-quand-venir\/\",\"name\":\"Voyage Emirats Arabes Unis, quand venir? - VOYAGE TOURISMER\",\"isPartOf\":{\"@id\":\"https:\/\/tourismer.online\/#website\"},\"primaryImageOfPage\":{\"@id\":\"https:\/\/tourismer.online\/voyage-emirats-arabes-unis-quand-venir\/#primaryimage\"},\"image\":{\"@id\":\"https:\/\/tourismer.online\/voyage-emirats-arabes-unis-quand-venir\/#primaryimage\"},\"thumbnailUrl\":\"https:\/\/tourismer.online\/wp-content\/uploads\/elementor\/thumbs\/Emirats-Arabes-Unis-3-qg4dlyhhlmfaq9vk6bugpzgnr8q36bngd9aaewxx0w.png\",\"datePublished\":\"2023-11-30T11:51:21+00:00\",\"dateModified\":\"2024-07-18T10:35:51+00:00\",\"description\":\"Voyage Emirats Arabes Unis, quand venir pour un s\u00e9jour inoubliable aux Emirats Arabes Unis? D\u00e9couvrez les meilleures saisons\",\"breadcrumb\":{\"@id\":\"https:\/\/tourismer.online\/voyage-emirats-arabes-unis-quand-venir\/#breadcrumb\"},\"inLanguage\":\"en-GB\",\"potentialAction\":[{\"@type\":\"ReadAction\",\"target\":[\"https:\/\/tourismer.online\/voyage-emirats-arabes-unis-quand-venir\/\"]}]},{\"@type\":\"ImageObject\",\"inLanguage\":\"en-GB\",\"@id\":\"https:\/\/tourismer.online\/voyage-emirats-arabes-unis-quand-venir\/#primaryimage\",\"url\":\"https:\/\/tourismer.online\/wp-content\/uploads\/elementor\/thumbs\/Emirats-Arabes-Unis-3-qg4dlyhhlmfaq9vk6bugpzgnr8q36bngd9aaewxx0w.png\",\"contentUrl\":\"https:\/\/tourismer.online\/wp-content\/uploads\/elementor\/thumbs\/Emirats-Arabes-Unis-3-qg4dlyhhlmfaq9vk6bugpzgnr8q36bngd9aaewxx0w.png\"},{\"@type\":\"BreadcrumbList\",\"@id\":\"https:\/\/tourismer.online\/voyage-emirats-arabes-unis-quand-venir\/#breadcrumb\",\"itemListElement\":[{\"@type\":\"ListItem\",\"position\":1,\"name\":\"Accueil\",\"item\":\"https:\/\/tourismer.online\/\"},{\"@type\":\"ListItem\",\"position\":2,\"name\":\"Voyage Emirats Arabes Unis, quand venir?\"}]},{\"@type\":\"WebSite\",\"@id\":\"https:\/\/tourismer.online\/#website\",\"url\":\"https:\/\/tourismer.online\/\",\"name\":\"VOYAGE TOURISMER\",\"description\":\"\",\"publisher\":{\"@id\":\"https:\/\/tourismer.online\/#organization\"},\"potentialAction\":[{\"@type\":\"SearchAction\",\"target\":{\"@type\":\"EntryPoint\",\"urlTemplate\":\"https:\/\/tourismer.online\/?s={search_term_string}\"},\"query-input\":{\"@type\":\"PropertyValueSpecification\",\"valueRequired\":true,\"valueName\":\"search_term_string\"}}],\"inLanguage\":\"en-GB\"},{\"@type\":\"Organization\",\"@id\":\"https:\/\/tourismer.online\/#organization\",\"name\":\"VOYAGE TOURISMER\",\"url\":\"https:\/\/tourismer.online\/\",\"logo\":{\"@type\":\"ImageObject\",\"inLanguage\":\"en-GB\",\"@id\":\"https:\/\/tourismer.online\/#\/schema\/logo\/image\/\",\"url\":\"https:\/\/tourismer.online\/wp-content\/uploads\/2023\/11\/Tourismer-Logo-e1707484738451.png\",\"contentUrl\":\"https:\/\/tourismer.online\/wp-content\/uploads\/2023\/11\/Tourismer-Logo-e1707484738451.png\",\"width\":1094,\"height\":202,\"caption\":\"VOYAGE TOURISMER\"},\"image\":{\"@id\":\"https:\/\/tourismer.online\/#\/schema\/logo\/image\/\"}}]}<\/script>\n<!-- \/ Yoast SEO plugin. -->","yoast_head_json":{"title":"Voyage Emirats Arabes Unis, quand venir? - VOYAGE TOURISMER","description":"Voyage Emirats Arabes Unis, quand venir pour un s\u00e9jour inoubliable aux Emirats Arabes Unis? D\u00e9couvrez les meilleures saisons","robots":{"index":"index","follow":"follow","max-snippet":"max-snippet:-1","max-image-preview":"max-image-preview:large","max-video-preview":"max-video-preview:-1"},"canonical":"https:\/\/tourismer.online\/en\/voyage-emirats-arabes-unis-quand-venir\/","og_locale":"en_GB","og_type":"article","og_title":"Voyage Emirats Arabes Unis, quand venir? - VOYAGE TOURISMER","og_description":"Voyage Emirats Arabes Unis, quand venir pour un s\u00e9jour inoubliable aux Emirats Arabes Unis? D\u00e9couvrez les meilleures saisons","og_url":"https:\/\/tourismer.online\/en\/voyage-emirats-arabes-unis-quand-venir\/","og_site_name":"VOYAGE TOURISMER","article_modified_time":"2024-07-18T10:35:51+00:00","og_image":[{"url":"https:\/\/tourismer.online\/wp-content\/uploads\/elementor\/thumbs\/Emirats-Arabes-Unis-3-qg4dlyhhlmfaq9vk6bugpzgnr8q36bngd9aaewxx0w.png","type":"","width":"","height":""}],"twitter_card":"summary_large_image","twitter_misc":{"Estimated reading time":"2 minutes"},"schema":{"@context":"https:\/\/schema.org","@graph":[{"@type":"WebPage","@id":"https:\/\/tourismer.online\/voyage-emirats-arabes-unis-quand-venir\/","url":"https:\/\/tourismer.online\/voyage-emirats-arabes-unis-quand-venir\/","name":"Voyage Emirats Arabes Unis, quand venir? - VOYAGE TOURISMER","isPartOf":{"@id":"https:\/\/tourismer.online\/#website"},"primaryImageOfPage":{"@id":"https:\/\/tourismer.online\/voyage-emirats-arabes-unis-quand-venir\/#primaryimage"},"image":{"@id":"https:\/\/tourismer.online\/voyage-emirats-arabes-unis-quand-venir\/#primaryimage"},"thumbnailUrl":"https:\/\/tourismer.online\/wp-content\/uploads\/elementor\/thumbs\/Emirats-Arabes-Unis-3-qg4dlyhhlmfaq9vk6bugpzgnr8q36bngd9aaewxx0w.png","datePublished":"2023-11-30T11:51:21+00:00","dateModified":"2024-07-18T10:35:51+00:00","description":"Voyage Emirats Arabes Unis, quand venir pour un s\u00e9jour inoubliable aux Emirats Arabes Unis? D\u00e9couvrez les meilleures saisons","breadcrumb":{"@id":"https:\/\/tourismer.online\/voyage-emirats-arabes-unis-quand-venir\/#breadcrumb"},"inLanguage":"en-GB","potentialAction":[{"@type":"ReadAction","target":["https:\/\/tourismer.online\/voyage-emirats-arabes-unis-quand-venir\/"]}]},{"@type":"ImageObject","inLanguage":"en-GB","@id":"https:\/\/tourismer.online\/voyage-emirats-arabes-unis-quand-venir\/#primaryimage","url":"https:\/\/tourismer.online\/wp-content\/uploads\/elementor\/thumbs\/Emirats-Arabes-Unis-3-qg4dlyhhlmfaq9vk6bugpzgnr8q36bngd9aaewxx0w.png","contentUrl":"https:\/\/tourismer.online\/wp-content\/uploads\/elementor\/thumbs\/Emirats-Arabes-Unis-3-qg4dlyhhlmfaq9vk6bugpzgnr8q36bngd9aaewxx0w.png"},{"@type":"BreadcrumbList","@id":"https:\/\/tourismer.online\/voyage-emirats-arabes-unis-quand-venir\/#breadcrumb","itemListElement":[{"@type":"ListItem","position":1,"name":"Accueil","item":"https:\/\/tourismer.online\/"},{"@type":"ListItem","position":2,"name":"Voyage Emirats Arabes Unis, quand venir?"}]},{"@type":"WebSite","@id":"https:\/\/tourismer.online\/#website","url":"https:\/\/tourismer.online\/","name":"VOYAGE TOURISMER","description":"","publisher":{"@id":"https:\/\/tourismer.online\/#organization"},"potentialAction":[{"@type":"SearchAction","target":{"@type":"EntryPoint","urlTemplate":"https:\/\/tourismer.online\/?s={search_term_string}"},"query-input":{"@type":"PropertyValueSpecification","valueRequired":true,"valueName":"search_term_string"}}],"inLanguage":"en-GB"},{"@type":"Organization","@id":"https:\/\/tourismer.online\/#organization","name":"VOYAGE TOURISMER","url":"https:\/\/tourismer.online\/","logo":{"@type":"ImageObject","inLanguage":"en-GB","@id":"https:\/\/tourismer.online\/#\/schema\/logo\/image\/","url":"https:\/\/tourismer.online\/wp-content\/uploads\/2023\/11\/Tourismer-Logo-e1707484738451.png","contentUrl":"https:\/\/tourismer.online\/wp-content\/uploads\/2023\/11\/Tourismer-Logo-e1707484738451.png","width":1094,"height":202,"caption":"VOYAGE TOURISMER"},"image":{"@id":"https:\/\/tourismer.online\/#\/schema\/logo\/image\/"}}]}},"_links":{"self":[{"href":"https:\/\/tourismer.online\/en\/wp-json\/wp\/v2\/pages\/2680","targetHints":{"allow":["GET"]}}],"collection":[{"href":"https:\/\/tourismer.online\/en\/wp-json\/wp\/v2\/pages"}],"about":[{"href":"https:\/\/tourismer.online\/en\/wp-json\/wp\/v2\/types\/page"}],"author":[{"embeddable":true,"href":"https:\/\/tourismer.online\/en\/wp-json\/wp\/v2\/users\/1"}],"replies":[{"embeddable":true,"href":"https:\/\/tourismer.online\/en\/wp-json\/wp\/v2\/comments?post=2680"}],"version-history":[{"count":0,"href":"https:\/\/tourismer.online\/en\/wp-json\/wp\/v2\/pages\/2680\/revisions"}],"wp:attachment":[{"href":"https:\/\/tourismer.online\/en\/wp-json\/wp\/v2\/media?parent=2680"}],"curies":[{"name":"wp","href":"https:\/\/api.w.org\/{rel}","templated":true}]}}